{"id":1223,"date":"2020-01-31T13:51:55","date_gmt":"2020-01-31T12:51:55","guid":{"rendered":"http:\/\/oihana.eu\/?page_id=1223"},"modified":"2020-01-31T13:51:55","modified_gmt":"2020-01-31T12:51:55","slug":"dev-expertise-archi","status":"publish","type":"page","link":"https:\/\/oihana.eu\/index.php\/dev-expertise-archi\/","title":{"rendered":"Dev \/ Expertise \/ Archi"},"content":{"rendered":"\n<p>La d\u00e9finition d\u2019architectures de S\u00e9curit\u00e9 int\u00e9grant l\u2019utilisation les technologies de confiance num\u00e9rique Le d\u00e9veloppement expert de composants sp\u00e9cifiques permettant de b\u00e2tir et exploiter un syst\u00e8me complet La r\u00e9alisation de prototypes rapides<\/p>\n","protected":false},"excerpt":{"rendered":"<p>La d\u00e9finition d\u2019architectures de S\u00e9curit\u00e9 int\u00e9grant l\u2019utilisation les technologies de confiance num\u00e9rique Le d\u00e9veloppement expert de composants sp\u00e9cifiques permettant de b\u00e2tir et exploiter un syst\u00e8me complet La r\u00e9alisation de prototypes rapides<\/p>\n","protected":false},"author":1,"featured_media":0,"parent":0,"menu_order":0,"comment_status":"closed","ping_status":"closed","template":"","meta":[],"_links":{"self":[{"href":"https:\/\/oihana.eu\/index.php\/wp-json\/wp\/v2\/pages\/1223"}],"collection":[{"href":"https:\/\/oihana.eu\/index.php\/wp-json\/wp\/v2\/pages"}],"about":[{"href":"https:\/\/oihana.eu\/index.php\/wp-json\/wp\/v2\/types\/page"}],"author":[{"embeddable":true,"href":"https:\/\/oihana.eu\/index.php\/wp-json\/wp\/v2\/users\/1"}],"replies":[{"embeddable":true,"href":"https:\/\/oihana.eu\/index.php\/wp-json\/wp\/v2\/comments?post=1223"}],"version-history":[{"count":1,"href":"https:\/\/oihana.eu\/index.php\/wp-json\/wp\/v2\/pages\/1223\/revisions"}],"predecessor-version":[{"id":1224,"href":"https:\/\/oihana.eu\/index.php\/wp-json\/wp\/v2\/pages\/1223\/revisions\/1224"}],"wp:attachment":[{"href":"https:\/\/oihana.eu\/index.php\/wp-json\/wp\/v2\/media?parent=1223"}],"curies":[{"name":"wp","href":"https:\/\/api.w.org\/{rel}","templated":true}]}}